{"id":291,"date":"2021-06-20T16:42:18","date_gmt":"2021-06-20T14:42:18","guid":{"rendered":"http:\/\/pwcwcst.cluster028.hosting.ovh.net\/?page_id=291"},"modified":"2025-02-19T16:30:47","modified_gmt":"2025-02-19T15:30:47","slug":"reservation-chambres-dhotes-gorges-du-tarn","status":"publish","type":"page","link":"https:\/\/ermitagedepeyreleau.com\/index.php\/reservation-chambres-dhotes-gorges-du-tarn\/","title":{"rendered":"Contact et r\u00e9servation"},"content":{"rendered":"\n<p><\/p>\n\n\n\n<p class=\"has-text-align-left\">N&rsquo;h\u00e9sitez pas \u00e0 nous contacter pour toutes informations compl\u00e9mentaires ou pour r\u00e9server une chambre d&rsquo;h\u00f4te \u00e0 l&rsquo;entr\u00e9e des Gorges du Tarn : <\/p>\n\n\n\n<p><\/p>\n\n\n\n<ul>\n<li>Par mail : doris.garsi@gmail.com ou<\/li>\n\n\n\n<li>Sur notre page <a href=\"https:\/\/www.facebook.com\/ermitagedepeyreleau\">facebook<\/a><\/li>\n<\/ul>\n\n\n\n<div class=\"wp-block-buttons is-horizontal is-content-justification-center is-layout-flex wp-container-core-buttons-layout-1 wp-block-buttons-is-layout-flex\">\n<div class=\"wp-block-button\"><a class=\"wp-block-button__link has-text-color has-background wp-element-button\" href=\"https:\/\/tinyurl.com\/y3wok357\" style=\"border-radius:2px;color:#fffffa;background-color:#ba0c49\"><strong>RESERVER EN LIGNE<\/strong> <\/a><\/div>\n<\/div>\n\n\n\n<p>Pour toute demande urgente, pr\u00e9f\u00e9rez le t\u00e9l\u00e9phone au 0608512365.<\/p>\n\n\n\n<figure class=\"wp-block-image size-large\"><img loading=\"lazy\" decoding=\"async\" width=\"1024\" height=\"683\" src=\"https:\/\/ermitagedepeyreleau.com\/wp-content\/uploads\/2025\/02\/IMG_2127-1024x683.jpg\" alt=\"Peyreleau Gorges du Tarn\" class=\"wp-image-1219\" srcset=\"https:\/\/ermitagedepeyreleau.com\/wp-content\/uploads\/2025\/02\/IMG_2127-1024x683.jpg 1024w, https:\/\/ermitagedepeyreleau.com\/wp-content\/uploads\/2025\/02\/IMG_2127-300x200.jpg 300w, https:\/\/ermitagedepeyreleau.com\/wp-content\/uploads\/2025\/02\/IMG_2127-768x512.jpg 768w, https:\/\/ermitagedepeyreleau.com\/wp-content\/uploads\/2025\/02\/IMG_2127-1536x1024.jpg 1536w, https:\/\/ermitagedepeyreleau.com\/wp-content\/uploads\/2025\/02\/IMG_2127-2048x1365.jpg 2048w, https:\/\/ermitagedepeyreleau.com\/wp-content\/uploads\/2025\/02\/IMG_2127-676x451.jpg 676w\" sizes=\"(max-width: 1024px) 100vw, 1024px\" \/><figcaption class=\"wp-element-caption\">Peyreleau dans les Gorges du Tarn, Aveyron<\/figcaption><\/figure>\n\n\n\n<p><\/p>\n\n\n\n<p><a href=\"https:\/\/ermitagedepeyreleau.com\/\">Retour sur la page d&rsquo;accueil<\/a><\/p>\n","protected":false},"excerpt":{"rendered":"<p>N&rsquo;h\u00e9sitez pas \u00e0 nous contacter pour toutes informations compl\u00e9mentaires ou pour r\u00e9server une chambre d&rsquo;h\u00f4te \u00e0 l&rsquo;entr\u00e9e des Gorges du Tarn : Pour toute demande urgente, pr\u00e9f\u00e9rez le t\u00e9l\u00e9phone au 0608512365. Retour sur la page d&rsquo;accueil<\/p>\n","protected":false},"author":1,"featured_media":0,"parent":0,"menu_order":0,"comment_status":"closed","ping_status":"closed","template":"","meta":{"footnotes":""},"yoast_head":"<!-- This site is optimized with the Yoast SEO plugin v19.14 - https:\/\/yoast.com\/wordpress\/plugins\/seo\/ -->\n<title>Chambres d&#039;h\u00f4tes de charme - Gorges du Tarn - R\u00e9server en ligne<\/title>\n<meta name=\"description\" content=\"N&#039;h\u00e9sitez pas \u00e0 nous contacter pour r\u00e9server et b\u00e9n\u00e9ficier des meilleurs tarifs sur nos chambres d&#039;h\u00f4tes \u00e0 l&#039;entr\u00e9e des Gorges du Tarn.\" \/>\n<meta name=\"robots\" content=\"index, follow, max-snippet:-1, max-image-preview:large, max-video-preview:-1\" \/>\n<link rel=\"canonical\" href=\"https:\/\/ermitagedepeyreleau.com\/index.php\/reservation-chambres-dhotes-gorges-du-tarn\/\" \/>\n<meta property=\"og:locale\" content=\"fr_FR\" \/>\n<meta property=\"og:type\" content=\"article\" \/>\n<meta property=\"og:title\" content=\"Chambres d&#039;h\u00f4tes de charme - Gorges du Tarn - R\u00e9server en ligne\" \/>\n<meta property=\"og:description\" content=\"N&#039;h\u00e9sitez pas \u00e0 nous contacter pour r\u00e9server et b\u00e9n\u00e9ficier des meilleurs tarifs sur nos chambres d&#039;h\u00f4tes \u00e0 l&#039;entr\u00e9e des Gorges du Tarn.\" \/>\n<meta property=\"og:url\" content=\"https:\/\/ermitagedepeyreleau.com\/index.php\/reservation-chambres-dhotes-gorges-du-tarn\/\" \/>\n<meta property=\"og:site_name\" content=\"Ermitage de Peyreleau\" \/>\n<meta property=\"article:publisher\" content=\"https:\/\/www.facebook.com\/ermitagedepeyreleau\" \/>\n<meta property=\"article:modified_time\" content=\"2025-02-19T15:30:47+00:00\" \/>\n<meta property=\"og:image\" content=\"https:\/\/ermitagedepeyreleau.com\/wp-content\/uploads\/2025\/02\/IMG_2127-1024x683.jpg\" \/>\n<meta name=\"twitter:card\" content=\"summary_large_image\" \/>\n<meta name=\"twitter:label1\" content=\"Dur\u00e9e de lecture estim\u00e9e\" \/>\n\t<meta name=\"twitter:data1\" content=\"1 minute\" \/>\n<script type=\"application\/ld+json\" class=\"yoast-schema-graph\">{\"@context\":\"https:\/\/schema.org\",\"@graph\":[{\"@type\":[\"WebPage\",\"ContactPage\"],\"@id\":\"https:\/\/ermitagedepeyreleau.com\/index.php\/reservation-chambres-dhotes-gorges-du-tarn\/\",\"url\":\"https:\/\/ermitagedepeyreleau.com\/index.php\/reservation-chambres-dhotes-gorges-du-tarn\/\",\"name\":\"Chambres d'h\u00f4tes de charme - Gorges du Tarn - R\u00e9server en ligne\",\"isPartOf\":{\"@id\":\"https:\/\/ermitagedepeyreleau.com\/#website\"},\"datePublished\":\"2021-06-20T14:42:18+00:00\",\"dateModified\":\"2025-02-19T15:30:47+00:00\",\"description\":\"N'h\u00e9sitez pas \u00e0 nous contacter pour r\u00e9server et b\u00e9n\u00e9ficier des meilleurs tarifs sur nos chambres d'h\u00f4tes \u00e0 l'entr\u00e9e des Gorges du Tarn.\",\"breadcrumb\":{\"@id\":\"https:\/\/ermitagedepeyreleau.com\/index.php\/reservation-chambres-dhotes-gorges-du-tarn\/#breadcrumb\"},\"inLanguage\":\"fr-FR\",\"potentialAction\":[{\"@type\":\"ReadAction\",\"target\":[\"https:\/\/ermitagedepeyreleau.com\/index.php\/reservation-chambres-dhotes-gorges-du-tarn\/\"]}]},{\"@type\":\"BreadcrumbList\",\"@id\":\"https:\/\/ermitagedepeyreleau.com\/index.php\/reservation-chambres-dhotes-gorges-du-tarn\/#breadcrumb\",\"itemListElement\":[{\"@type\":\"ListItem\",\"position\":1,\"name\":\"Accueil\",\"item\":\"https:\/\/ermitagedepeyreleau.com\/\"},{\"@type\":\"ListItem\",\"position\":2,\"name\":\"Contact et r\u00e9servation\"}]},{\"@type\":\"WebSite\",\"@id\":\"https:\/\/ermitagedepeyreleau.com\/#website\",\"url\":\"https:\/\/ermitagedepeyreleau.com\/\",\"name\":\"Ermitage de Peyreleau\",\"description\":\"Chambres d&#039;h\u00f4tes de Charme\",\"publisher\":{\"@id\":\"https:\/\/ermitagedepeyreleau.com\/#organization\"},\"potentialAction\":[{\"@type\":\"SearchAction\",\"target\":{\"@type\":\"EntryPoint\",\"urlTemplate\":\"https:\/\/ermitagedepeyreleau.com\/?s={search_term_string}\"},\"query-input\":\"required name=search_term_string\"}],\"inLanguage\":\"fr-FR\"},{\"@type\":\"Organization\",\"@id\":\"https:\/\/ermitagedepeyreleau.com\/#organization\",\"name\":\"Ermitage de Peyreleau\",\"url\":\"https:\/\/ermitagedepeyreleau.com\/\",\"logo\":{\"@type\":\"ImageObject\",\"inLanguage\":\"fr-FR\",\"@id\":\"https:\/\/ermitagedepeyreleau.com\/#\/schema\/logo\/image\/\",\"url\":\"https:\/\/ermitagedepeyreleau.com\/wp-content\/uploads\/2022\/04\/maison-et-gorges-2-scaled.jpg\",\"contentUrl\":\"https:\/\/ermitagedepeyreleau.com\/wp-content\/uploads\/2022\/04\/maison-et-gorges-2-scaled.jpg\",\"width\":1920,\"height\":2560,\"caption\":\"Ermitage de Peyreleau\"},\"image\":{\"@id\":\"https:\/\/ermitagedepeyreleau.com\/#\/schema\/logo\/image\/\"},\"sameAs\":[\"https:\/\/www.facebook.com\/ermitagedepeyreleau\"]}]}<\/script>\n<!-- \/ Yoast SEO plugin. -->","yoast_head_json":{"title":"Chambres d'h\u00f4tes de charme - Gorges du Tarn - R\u00e9server en ligne","description":"N'h\u00e9sitez pas \u00e0 nous contacter pour r\u00e9server et b\u00e9n\u00e9ficier des meilleurs tarifs sur nos chambres d'h\u00f4tes \u00e0 l'entr\u00e9e des Gorges du Tarn.","robots":{"index":"index","follow":"follow","max-snippet":"max-snippet:-1","max-image-preview":"max-image-preview:large","max-video-preview":"max-video-preview:-1"},"canonical":"https:\/\/ermitagedepeyreleau.com\/index.php\/reservation-chambres-dhotes-gorges-du-tarn\/","og_locale":"fr_FR","og_type":"article","og_title":"Chambres d'h\u00f4tes de charme - Gorges du Tarn - R\u00e9server en ligne","og_description":"N'h\u00e9sitez pas \u00e0 nous contacter pour r\u00e9server et b\u00e9n\u00e9ficier des meilleurs tarifs sur nos chambres d'h\u00f4tes \u00e0 l'entr\u00e9e des Gorges du Tarn.","og_url":"https:\/\/ermitagedepeyreleau.com\/index.php\/reservation-chambres-dhotes-gorges-du-tarn\/","og_site_name":"Ermitage de Peyreleau","article_publisher":"https:\/\/www.facebook.com\/ermitagedepeyreleau","article_modified_time":"2025-02-19T15:30:47+00:00","og_image":[{"url":"https:\/\/ermitagedepeyreleau.com\/wp-content\/uploads\/2025\/02\/IMG_2127-1024x683.jpg"}],"twitter_card":"summary_large_image","twitter_misc":{"Dur\u00e9e de lecture estim\u00e9e":"1 minute"},"schema":{"@context":"https:\/\/schema.org","@graph":[{"@type":["WebPage","ContactPage"],"@id":"https:\/\/ermitagedepeyreleau.com\/index.php\/reservation-chambres-dhotes-gorges-du-tarn\/","url":"https:\/\/ermitagedepeyreleau.com\/index.php\/reservation-chambres-dhotes-gorges-du-tarn\/","name":"Chambres d'h\u00f4tes de charme - Gorges du Tarn - R\u00e9server en ligne","isPartOf":{"@id":"https:\/\/ermitagedepeyreleau.com\/#website"},"datePublished":"2021-06-20T14:42:18+00:00","dateModified":"2025-02-19T15:30:47+00:00","description":"N'h\u00e9sitez pas \u00e0 nous contacter pour r\u00e9server et b\u00e9n\u00e9ficier des meilleurs tarifs sur nos chambres d'h\u00f4tes \u00e0 l'entr\u00e9e des Gorges du Tarn.","breadcrumb":{"@id":"https:\/\/ermitagedepeyreleau.com\/index.php\/reservation-chambres-dhotes-gorges-du-tarn\/#breadcrumb"},"inLanguage":"fr-FR","potentialAction":[{"@type":"ReadAction","target":["https:\/\/ermitagedepeyreleau.com\/index.php\/reservation-chambres-dhotes-gorges-du-tarn\/"]}]},{"@type":"BreadcrumbList","@id":"https:\/\/ermitagedepeyreleau.com\/index.php\/reservation-chambres-dhotes-gorges-du-tarn\/#breadcrumb","itemListElement":[{"@type":"ListItem","position":1,"name":"Accueil","item":"https:\/\/ermitagedepeyreleau.com\/"},{"@type":"ListItem","position":2,"name":"Contact et r\u00e9servation"}]},{"@type":"WebSite","@id":"https:\/\/ermitagedepeyreleau.com\/#website","url":"https:\/\/ermitagedepeyreleau.com\/","name":"Ermitage de Peyreleau","description":"Chambres d&#039;h\u00f4tes de Charme","publisher":{"@id":"https:\/\/ermitagedepeyreleau.com\/#organization"},"potentialAction":[{"@type":"SearchAction","target":{"@type":"EntryPoint","urlTemplate":"https:\/\/ermitagedepeyreleau.com\/?s={search_term_string}"},"query-input":"required name=search_term_string"}],"inLanguage":"fr-FR"},{"@type":"Organization","@id":"https:\/\/ermitagedepeyreleau.com\/#organization","name":"Ermitage de Peyreleau","url":"https:\/\/ermitagedepeyreleau.com\/","logo":{"@type":"ImageObject","inLanguage":"fr-FR","@id":"https:\/\/ermitagedepeyreleau.com\/#\/schema\/logo\/image\/","url":"https:\/\/ermitagedepeyreleau.com\/wp-content\/uploads\/2022\/04\/maison-et-gorges-2-scaled.jpg","contentUrl":"https:\/\/ermitagedepeyreleau.com\/wp-content\/uploads\/2022\/04\/maison-et-gorges-2-scaled.jpg","width":1920,"height":2560,"caption":"Ermitage de Peyreleau"},"image":{"@id":"https:\/\/ermitagedepeyreleau.com\/#\/schema\/logo\/image\/"},"sameAs":["https:\/\/www.facebook.com\/ermitagedepeyreleau"]}]}},"_links":{"self":[{"href":"https:\/\/ermitagedepeyreleau.com\/index.php\/wp-json\/wp\/v2\/pages\/291"}],"collection":[{"href":"https:\/\/ermitagedepeyreleau.com\/index.php\/wp-json\/wp\/v2\/pages"}],"about":[{"href":"https:\/\/ermitagedepeyreleau.com\/index.php\/wp-json\/wp\/v2\/types\/page"}],"author":[{"embeddable":true,"href":"https:\/\/ermitagedepeyreleau.com\/index.php\/wp-json\/wp\/v2\/users\/1"}],"replies":[{"embeddable":true,"href":"https:\/\/ermitagedepeyreleau.com\/index.php\/wp-json\/wp\/v2\/comments?post=291"}],"version-history":[{"count":26,"href":"https:\/\/ermitagedepeyreleau.com\/index.php\/wp-json\/wp\/v2\/pages\/291\/revisions"}],"predecessor-version":[{"id":1220,"href":"https:\/\/ermitagedepeyreleau.com\/index.php\/wp-json\/wp\/v2\/pages\/291\/revisions\/1220"}],"wp:attachment":[{"href":"https:\/\/ermitagedepeyreleau.com\/index.php\/wp-json\/wp\/v2\/media?parent=291"}],"curies":[{"name":"wp","href":"https:\/\/api.w.org\/{rel}","templated":true}]}}