{"id":257,"date":"2021-06-20T14:54:09","date_gmt":"2021-06-20T12:54:09","guid":{"rendered":"http:\/\/pwcwcst.cluster028.hosting.ovh.net\/?page_id=257"},"modified":"2026-01-21T19:21:25","modified_gmt":"2026-01-21T18:21:25","slug":"https-ermitagedepeyreleau-com-index-php","status":"publish","type":"page","link":"https:\/\/ermitagedepeyreleau.com\/","title":{"rendered":"Chambres d&rsquo;h\u00f4tes  Gorges du Tarn"},"content":{"rendered":"\n<figure class=\"wp-block-image size-large\"><img loading=\"lazy\" decoding=\"async\" width=\"2560\" height=\"1600\" src=\"https:\/\/ermitagedepeyreleau.com\/wp-content\/uploads\/2025\/06\/1-edited-scaled.jpg\" alt=\"chambres d'h\u00f4tes gorges du tarn\" class=\"wp-image-1282\" title=\"chambres d'h\u00f4tes gorges du tarn\" srcset=\"https:\/\/ermitagedepeyreleau.com\/wp-content\/uploads\/2025\/06\/1-edited-scaled.jpg 2560w, https:\/\/ermitagedepeyreleau.com\/wp-content\/uploads\/2025\/06\/1-edited-300x188.jpg 300w, https:\/\/ermitagedepeyreleau.com\/wp-content\/uploads\/2025\/06\/1-edited-1024x640.jpg 1024w, https:\/\/ermitagedepeyreleau.com\/wp-content\/uploads\/2025\/06\/1-edited-768x480.jpg 768w, https:\/\/ermitagedepeyreleau.com\/wp-content\/uploads\/2025\/06\/1-edited-1536x960.jpg 1536w, https:\/\/ermitagedepeyreleau.com\/wp-content\/uploads\/2025\/06\/1-edited-2048x1280.jpg 2048w, https:\/\/ermitagedepeyreleau.com\/wp-content\/uploads\/2025\/06\/1-edited-676x423.jpg 676w\" sizes=\"(max-width: 2560px) 100vw, 2560px\" \/><\/figure>\n\n\n\n<h2 class=\"wp-block-heading has-text-align-center\">Maison d&rsquo;h\u00f4tes de Charme au c\u0153ur du Grand site des Gorges du Tarn <\/h2>\n\n\n\n<div class=\"wp-block-buttons is-horizontal is-content-justification-center is-layout-flex wp-container-core-buttons-layout-1 wp-block-buttons-is-layout-flex\">\n<div class=\"wp-block-button\"><a class=\"wp-block-button__link has-accent-background-color has-text-color has-background wp-element-button\" href=\"https:\/\/reservation.elloha.com\/?IdPublication=5554bc61-5e5e-4e07-a49f-4b9ffde079f8&amp;culture=&amp;searchFirstAvailableDates=1\" style=\"border-radius:2px;color:#fffffa\"><strong>RESERVER EN LIGNE<\/strong> <\/a><\/div>\n<\/div>\n\n\n\n<blockquote class=\"wp-block-quote has-text-align-center\">\n<p>R\u00e9servation \u00e9galement possible par t\u00e9l\u00e9phone au 06.08.51.23.65 <br>ou par mail doris.garsi@gmail.com<\/p>\n<\/blockquote>\n\n\n\n<h3 class=\"wp-block-heading\">Chambres d\u2019H\u00f4tes avec vue sur les Gorges de la Jonte<\/h3>\n\n\n\n<p>Bienvenue \u00e0 <strong>L\u2019Ermitage de Peyreleau, chambres d\u2019h\u00f4tes de charme<\/strong> situ\u00e9es dans l&rsquo;ancien couvent du <strong>village m\u00e9di\u00e9val de Peyreleau.<\/strong> <br>Offrant <strong>une vue imprenable <\/strong>sur les Gorges de la Jonte et<strong> \u00e0 2 pas des Gorges du Tarn<\/strong>, notre maison d\u2019h\u00f4tes est le <strong>point de d\u00e9part id\u00e9al  pour partir \u00e0 la d\u00e9couverte du site class\u00e9 des Gorges du Tarn<\/strong>, de la Jonte et des Grands Causses qui offre une multitude d&rsquo;activit\u00e9s  dans un cadre naturel grandiose et pr\u00e9serv\u00e9 .<\/p>\n\n\n\n<p>Notre h\u00e9bergement dispose de <strong>4 chambres d&rsquo;h\u00f4tes et d&rsquo;un jardin suspendu<\/strong> donnant sur le village class\u00e9 de Peyreleau ( XIIe si\u00e8cle) et les gorges de la Jonte, vous pourrez  vous y d\u00e9tendre au calme et profiter de <strong>la vue pour d\u00e9couvrir le paysage majestueux offert par les Gorges de la Jonte. <\/strong><br>Profitez d\u2019un s\u00e9jour authentique et ressour\u00e7ant dans nos chambres d&rsquo;h\u00f4tes en Aveyron, au coeur d\u2019un patrimoine naturel et historique unique.<\/p>\n\n\n\n<p><a href=\"https:\/\/ermitagedepeyreleau.com\/index.php\/reservation-chambres-dhotes-gorges-du-tarn\/\">R\u00e9servez votre escapade dans les Gorges du Tarn d\u00e8s maintenant !<\/a><\/p>\n\n\n\n<figure class=\"wp-block-embed is-type-video is-provider-youtube wp-block-embed-youtube wp-embed-aspect-16-9 wp-has-aspect-ratio\"><div class=\"wp-block-embed__wrapper\">\n<iframe loading=\"lazy\" title=\"Ermitage de Peyreleau, chambres d&#039;h\u00f4tes de Charme et galerie d&#039;artistes\" width=\"676\" height=\"380\" src=\"https:\/\/www.youtube.com\/embed\/mJhPxLK9I4E?feature=oembed\" frameborder=\"0\" allow=\"accelerometer; autoplay; clipboard-write; encrypted-media; gyroscope; picture-in-picture; web-share\" referrerpolicy=\"strict-origin-when-cross-origin\" allowfullscreen><\/iframe>\n<\/div><figcaption class=\"wp-element-caption\">Chambres d&rsquo;h\u00f4tes de Charme , l&rsquo;Ermitage de Peyreleau, \u00e0 5 min des Gorges du Tarn<\/figcaption><\/figure>\n\n\n\n<div class=\"wp-block-group is-layout-flow wp-block-group-is-layout-flow\"><div class=\"wp-block-group__inner-container\">\n<div class=\"wp-block-columns is-layout-flex wp-container-core-columns-layout-1 wp-block-columns-is-layout-flex\">\n<div class=\"wp-block-column is-layout-flow wp-block-column-is-layout-flow\">\n<div class=\"wp-block-media-text alignwide is-stacked-on-mobile\" style=\"grid-template-columns:15% auto\"><figure class=\"wp-block-media-text__media\"><img loading=\"lazy\" decoding=\"async\" width=\"506\" height=\"1024\" src=\"https:\/\/ermitagedepeyreleau.com\/wp-content\/uploads\/2021\/07\/guide-vert-michelin-506x1024.jpeg\" alt=\"chambres d'h\u00f4tes s\u00e9lectionn\u00e9 par le guide vert\" class=\"wp-image-445 size-full\" srcset=\"https:\/\/ermitagedepeyreleau.com\/wp-content\/uploads\/2021\/07\/guide-vert-michelin-506x1024.jpeg 506w, https:\/\/ermitagedepeyreleau.com\/wp-content\/uploads\/2021\/07\/guide-vert-michelin-148x300.jpeg 148w, https:\/\/ermitagedepeyreleau.com\/wp-content\/uploads\/2021\/07\/guide-vert-michelin-768x1553.jpeg 768w, https:\/\/ermitagedepeyreleau.com\/wp-content\/uploads\/2021\/07\/guide-vert-michelin-760x1536.jpeg 760w, https:\/\/ermitagedepeyreleau.com\/wp-content\/uploads\/2021\/07\/guide-vert-michelin-1013x2048.jpeg 1013w, https:\/\/ermitagedepeyreleau.com\/wp-content\/uploads\/2021\/07\/guide-vert-michelin-676x1367.jpeg 676w, https:\/\/ermitagedepeyreleau.com\/wp-content\/uploads\/2021\/07\/guide-vert-michelin-scaled.jpeg 1266w\" sizes=\"(max-width: 506px) 100vw, 506px\" \/><\/figure><div class=\"wp-block-media-text__content\">\n<pre class=\"wp-block-preformatted\"><strong><em><mark style=\"background-color:rgba(0, 0, 0, 0)\" class=\"has-inline-color has-dark-gray-color\">Notre maison d'h\u00f4tes, au c\u0153ur du Grand Site des Gorges du Tarn et de la Jonte, est s\u00e9lectionn\u00e9e par \"le guide vert\" et \"le petit fut\u00e9\" :<\/mark><\/em><\/strong><\/pre>\n<\/div><\/div>\n<\/div>\n<\/div>\n\n\n\n<figure class=\"wp-block-table is-style-stripes\"><table><tbody><tr><td class=\"has-text-align-left\" data-align=\"left\"><a href=\"https:\/\/www.petitfute.com\/v23433-peyreleau-12720\/c1166-hebergement\/c151-chambre-d-hotes\/595920-ermitage-de-peyreleau-trou-d-art.html#xtor=EPR-365\" target=\"_blank\" rel=\"noreferrer noopener\"><img loading=\"lazy\" decoding=\"async\" width=\"674\" height=\"283\" src=\"https:\/\/ermitagedepeyreleau.com\/wp-content\/uploads\/2023\/12\/petitfutepng.png\" alt=\"\"><\/a><\/td><\/tr><tr><td class=\"has-text-align-left\" data-align=\"left\"><\/td><\/tr><\/tbody><\/table><figcaption class=\"wp-element-caption\"><strong><a href=\"https:\/\/ermitagedepeyreleau.com\/index.php\/2024\/01\/12\/peyreleau\/\">Peyreleau<\/a> village m\u00e9di\u00e9val est  labellis\u00e9 est \u00ab\u00a0<a href=\"https:\/\/petitescitesdecaractere.com\/fr\/nos-petites-cites-de-caractere\/peyreleau\">Petite cit\u00e9 de Caract\u00e8re<\/a>\u00ab\u00a0<\/strong> <\/figcaption><\/figure>\n\n\n\n<figure class=\"wp-block-table is-style-stripes\"><table><tbody><tr><td><br><img loading=\"lazy\" decoding=\"async\" width=\"133\" height=\"133\" src=\"https:\/\/ermitagedepeyreleau.com\/wp-content\/uploads\/2021\/07\/logo-petites-cite-de-caractere.jpg\" alt=\"\"><br><br>Depuis  2011, le territoire des Causses et C\u00e9vennes est inscrit sur <strong>la liste du patrimoine mondial de l&rsquo;UNESCO<\/strong> en tant que paysage culturel de l&rsquo;agropastoralisme m\u00e9diterran\u00e9en<br><img loading=\"lazy\" decoding=\"async\" width=\"333\" height=\"167\" src=\"https:\/\/ermitagedepeyreleau.com\/wp-content\/uploads\/2023\/03\/unesco-causses-cevennes-meyrueis-1-640x320-crop-1582281117.jpg\" alt=\"\"><\/td><\/tr><tr><td><\/td><\/tr><\/tbody><\/table><\/figure>\n<\/div><\/div>\n\n\n\n<h4 class=\"wp-block-heading\">S\u00e9jour D\u00e9tente, Nature et Aventure dans les Gorges du Tarn<\/h4>\n\n\n\n<p>Doris et Philippe GARSI, propri\u00e9taires, vous accueillent depuis plus de 20 ans afin que vous puissiez d\u00e9couvrir cette si belle r\u00e9gion, entre Aveyron et Loz\u00e8re, dans nos chambres d&rsquo;h\u00f4tes.<\/p>\n\n\n\n<p class=\"has-text-align-left\">Vous pourrez partir \u00e0 la d\u00e9couverte du grand site des Gorges du Tarn <strong>directement \u00e0 pied de nos chambres d&rsquo;h\u00f4tes .<\/strong>  N&rsquo;h\u00e9sitez pas \u00e0 nous demander conseils pour l&rsquo;organisation de votre s\u00e9jour ou le choix d&rsquo;une randonn\u00e9e! <br>D\u00e9couvrez quelques unes des nombreuses activit\u00e9s \u00e0 pieds depuis notre maison d&rsquo;h\u00f4tes : <\/p>\n\n\n\n<ul>\n<li>La<strong> descente des Gorges du Tarn en cano\u00e9<\/strong> ou en kayak,<\/li>\n\n\n\n<li>Le c\u00e9l\u00e8bre<strong> sentier des Corniches de la Jonte<\/strong>, l&rsquo;Ermitage Saint -Michel et ses ruines, le hameau de la Sabli\u00e8re, ect&#8230; (de nombreux autres sentiers de petites et grandes randonn\u00e9es \u00e0 proximit\u00e9 , carte topographique \u00e0 disposition),<\/li>\n\n\n\n<li>De nombreux sites de baignades en rivi\u00e8res accessible \u00e0 pieds,<\/li>\n\n\n\n<li>Vous trouverez \u00e9galement <strong>\u00e0 5 min \u00e0 pieds  restaurants et services pratique<\/strong>  (\u00e9picerie, tabac\/ presse, produits locaux et artisanaux, office du tourisme, poste)<\/li>\n<\/ul>\n\n\n\n<p>Vous souhaitez avoir plus d&rsquo;informations sur le grand site des Gorges du Tarn et les activit\u00e9s \u00e0 proximit\u00e9? <a href=\"https:\/\/ermitagedepeyreleau.com\/index.php\/visiter-et-decouvrir-hebergement-millau-aveyron\/\">Cliquez ici.<\/a><\/p>\n\n\n<div class=\"wp-block-image\">\n<figure class=\"alignright size-large is-resized\"><a href=\"https:\/\/www.tourisme-occitanie.com\/destinations\/incontournables\/gorges-du-tarn\/\" target=\"_blank\" rel=\"noopener\"><img loading=\"lazy\" decoding=\"async\" width=\"284\" height=\"284\" src=\"https:\/\/ermitagedepeyreleau.com\/wp-content\/uploads\/2021\/07\/partenaire-03_Region-Occitanie.jpg\" alt=\"chambres d'h\u00f4tes de charme Gorges du Tarn\" class=\"wp-image-472\" style=\"width:94px;height:94px\" srcset=\"https:\/\/ermitagedepeyreleau.com\/wp-content\/uploads\/2021\/07\/partenaire-03_Region-Occitanie.jpg 284w, https:\/\/ermitagedepeyreleau.com\/wp-content\/uploads\/2021\/07\/partenaire-03_Region-Occitanie-150x150.jpg 150w\" sizes=\"(max-width: 284px) 100vw, 284px\" \/><\/a><\/figure><\/div>\n\n<div class=\"wp-block-image\">\n<figure class=\"alignright size-large is-resized\"><a href=\"https:\/\/www.millau-viaduc-tourisme.fr\/top-10\/gorges-du-tarn-et-de-la-jonte\" target=\"_blank\" rel=\"noopener\"><img loading=\"lazy\" decoding=\"async\" width=\"244\" height=\"194\" src=\"https:\/\/ermitagedepeyreleau.com\/wp-content\/uploads\/2021\/07\/logo-com-com-grands-causses-partenaire-millau-jazz.jpg\" alt=\"chambres d'h\u00f4tes de charme Gorges du Tarn\" class=\"wp-image-471\" style=\"width:113px;height:90px\"\/><\/a><\/figure><\/div>\n\n\n<p><\/p>\n\n\n\n<p><\/p>\n","protected":false},"excerpt":{"rendered":"<p>Maison d&rsquo;h\u00f4tes de Charme au c\u0153ur du Grand site des Gorges du Tarn R\u00e9servation \u00e9galement possible par t\u00e9l\u00e9phone au 06.08.51.23.65 ou par mail doris.garsi@gmail.com Chambres d\u2019H\u00f4tes avec vue sur les Gorges de la Jonte Bienvenue \u00e0 L\u2019Ermitage de Peyreleau, chambres d\u2019h\u00f4tes de charme situ\u00e9es dans l&rsquo;ancien couvent du village m\u00e9di\u00e9val de Peyreleau. Offrant une vue [&hellip;]<\/p>\n","protected":false},"author":1,"featured_media":0,"parent":0,"menu_order":0,"comment_status":"closed","ping_status":"closed","template":"","meta":{"footnotes":""},"yoast_head":"<!-- This site is optimized with the Yoast SEO plugin v19.14 - https:\/\/yoast.com\/wordpress\/plugins\/seo\/ -->\n<title>Chambres d&#039;h\u00f4tes de Charme - Gorges du Tarn- Ermitage de Peyreleau<\/title>\n<meta name=\"description\" content=\"S\u00e9journez \u00e0 L\u2019Ermitage de Peyreleau, chambres d\u2019h\u00f4tes de charme dans un ancien couvent. Vue sur les Gorges de la Jonte, \u00e0 2 pas des Gorges du Tarn. Randonn\u00e9es, cano\u00eb, nature pr\u00e9serv\u00e9e. R\u00e9servez votre escapade en Aveyron !\" \/>\n<meta name=\"robots\" content=\"index, follow, max-snippet:-1, max-image-preview:large, max-video-preview:-1\" \/>\n<link rel=\"canonical\" href=\"https:\/\/ermitagedepeyreleau.com\/\" \/>\n<meta property=\"og:locale\" content=\"fr_FR\" \/>\n<meta property=\"og:type\" content=\"article\" \/>\n<meta property=\"og:title\" content=\"Ermitage de Peyreleau\" \/>\n<meta property=\"og:description\" content=\"S\u00e9journez \u00e0 L\u2019Ermitage de Peyreleau, chambres d\u2019h\u00f4tes de charme dans un ancien couvent. Vue sur les Gorges de la Jonte, \u00e0 2 pas des Gorges du Tarn. Randonn\u00e9es, cano\u00eb, nature pr\u00e9serv\u00e9e. R\u00e9servez votre escapade en Aveyron !\" \/>\n<meta property=\"og:url\" content=\"https:\/\/ermitagedepeyreleau.com\/\" \/>\n<meta property=\"og:site_name\" content=\"Ermitage de Peyreleau\" \/>\n<meta property=\"article:publisher\" content=\"https:\/\/www.facebook.com\/ermitagedepeyreleau\" \/>\n<meta property=\"article:modified_time\" content=\"2026-01-21T18:21:25+00:00\" \/>\n<meta property=\"og:image\" content=\"https:\/\/ermitagedepeyreleau.com\/wp-content\/uploads\/2022\/04\/maison-et-gorges-2-scaled.jpg\" \/>\n\t<meta property=\"og:image:width\" content=\"1920\" \/>\n\t<meta property=\"og:image:height\" content=\"2560\" \/>\n\t<meta property=\"og:image:type\" content=\"image\/jpeg\" \/>\n<meta name=\"twitter:card\" content=\"summary_large_image\" \/>\n<meta name=\"twitter:title\" content=\"Ermitage de Peyreleau\" \/>\n<meta name=\"twitter:image\" content=\"https:\/\/ermitagedepeyreleau.com\/wp-content\/uploads\/2022\/04\/maison-et-gorges-2-scaled.jpg\" \/>\n<meta name=\"twitter:label1\" content=\"Dur\u00e9e de lecture estim\u00e9e\" \/>\n\t<meta name=\"twitter:data1\" content=\"3 minutes\" \/>\n<script type=\"application\/ld+json\" class=\"yoast-schema-graph\">{\"@context\":\"https:\/\/schema.org\",\"@graph\":[{\"@type\":\"WebPage\",\"@id\":\"https:\/\/ermitagedepeyreleau.com\/\",\"url\":\"https:\/\/ermitagedepeyreleau.com\/\",\"name\":\"Chambres d'h\u00f4tes de Charme - Gorges du Tarn- Ermitage de Peyreleau\",\"isPartOf\":{\"@id\":\"https:\/\/ermitagedepeyreleau.com\/#website\"},\"datePublished\":\"2021-06-20T12:54:09+00:00\",\"dateModified\":\"2026-01-21T18:21:25+00:00\",\"description\":\"S\u00e9journez \u00e0 L\u2019Ermitage de Peyreleau, chambres d\u2019h\u00f4tes de charme dans un ancien couvent. Vue sur les Gorges de la Jonte, \u00e0 2 pas des Gorges du Tarn. Randonn\u00e9es, cano\u00eb, nature pr\u00e9serv\u00e9e. R\u00e9servez votre escapade en Aveyron !\",\"breadcrumb\":{\"@id\":\"https:\/\/ermitagedepeyreleau.com\/#breadcrumb\"},\"inLanguage\":\"fr-FR\",\"potentialAction\":[{\"@type\":\"ReadAction\",\"target\":[\"https:\/\/ermitagedepeyreleau.com\/\"]}]},{\"@type\":\"BreadcrumbList\",\"@id\":\"https:\/\/ermitagedepeyreleau.com\/#breadcrumb\",\"itemListElement\":[{\"@type\":\"ListItem\",\"position\":1,\"name\":\"Accueil\",\"item\":\"https:\/\/ermitagedepeyreleau.com\/\"},{\"@type\":\"ListItem\",\"position\":2,\"name\":\"Chambres d&rsquo;h\u00f4tes Gorges du Tarn\"}]},{\"@type\":\"WebSite\",\"@id\":\"https:\/\/ermitagedepeyreleau.com\/#website\",\"url\":\"https:\/\/ermitagedepeyreleau.com\/\",\"name\":\"Ermitage de Peyreleau\",\"description\":\"Chambres d&#039;h\u00f4tes de Charme\",\"publisher\":{\"@id\":\"https:\/\/ermitagedepeyreleau.com\/#organization\"},\"potentialAction\":[{\"@type\":\"SearchAction\",\"target\":{\"@type\":\"EntryPoint\",\"urlTemplate\":\"https:\/\/ermitagedepeyreleau.com\/?s={search_term_string}\"},\"query-input\":\"required name=search_term_string\"}],\"inLanguage\":\"fr-FR\"},{\"@type\":\"Organization\",\"@id\":\"https:\/\/ermitagedepeyreleau.com\/#organization\",\"name\":\"Ermitage de Peyreleau\",\"url\":\"https:\/\/ermitagedepeyreleau.com\/\",\"logo\":{\"@type\":\"ImageObject\",\"inLanguage\":\"fr-FR\",\"@id\":\"https:\/\/ermitagedepeyreleau.com\/#\/schema\/logo\/image\/\",\"url\":\"https:\/\/ermitagedepeyreleau.com\/wp-content\/uploads\/2022\/04\/maison-et-gorges-2-scaled.jpg\",\"contentUrl\":\"https:\/\/ermitagedepeyreleau.com\/wp-content\/uploads\/2022\/04\/maison-et-gorges-2-scaled.jpg\",\"width\":1920,\"height\":2560,\"caption\":\"Ermitage de Peyreleau\"},\"image\":{\"@id\":\"https:\/\/ermitagedepeyreleau.com\/#\/schema\/logo\/image\/\"},\"sameAs\":[\"https:\/\/www.facebook.com\/ermitagedepeyreleau\"]}]}<\/script>\n<!-- \/ Yoast SEO plugin. -->","yoast_head_json":{"title":"Chambres d'h\u00f4tes de Charme - Gorges du Tarn- Ermitage de Peyreleau","description":"S\u00e9journez \u00e0 L\u2019Ermitage de Peyreleau, chambres d\u2019h\u00f4tes de charme dans un ancien couvent. Vue sur les Gorges de la Jonte, \u00e0 2 pas des Gorges du Tarn. Randonn\u00e9es, cano\u00eb, nature pr\u00e9serv\u00e9e. R\u00e9servez votre escapade en Aveyron !","robots":{"index":"index","follow":"follow","max-snippet":"max-snippet:-1","max-image-preview":"max-image-preview:large","max-video-preview":"max-video-preview:-1"},"canonical":"https:\/\/ermitagedepeyreleau.com\/","og_locale":"fr_FR","og_type":"article","og_title":"Ermitage de Peyreleau","og_description":"S\u00e9journez \u00e0 L\u2019Ermitage de Peyreleau, chambres d\u2019h\u00f4tes de charme dans un ancien couvent. Vue sur les Gorges de la Jonte, \u00e0 2 pas des Gorges du Tarn. Randonn\u00e9es, cano\u00eb, nature pr\u00e9serv\u00e9e. R\u00e9servez votre escapade en Aveyron !","og_url":"https:\/\/ermitagedepeyreleau.com\/","og_site_name":"Ermitage de Peyreleau","article_publisher":"https:\/\/www.facebook.com\/ermitagedepeyreleau","article_modified_time":"2026-01-21T18:21:25+00:00","og_image":[{"width":1920,"height":2560,"url":"https:\/\/ermitagedepeyreleau.com\/wp-content\/uploads\/2022\/04\/maison-et-gorges-2-scaled.jpg","type":"image\/jpeg"}],"twitter_card":"summary_large_image","twitter_title":"Ermitage de Peyreleau","twitter_image":"https:\/\/ermitagedepeyreleau.com\/wp-content\/uploads\/2022\/04\/maison-et-gorges-2-scaled.jpg","twitter_misc":{"Dur\u00e9e de lecture estim\u00e9e":"3 minutes"},"schema":{"@context":"https:\/\/schema.org","@graph":[{"@type":"WebPage","@id":"https:\/\/ermitagedepeyreleau.com\/","url":"https:\/\/ermitagedepeyreleau.com\/","name":"Chambres d'h\u00f4tes de Charme - Gorges du Tarn- Ermitage de Peyreleau","isPartOf":{"@id":"https:\/\/ermitagedepeyreleau.com\/#website"},"datePublished":"2021-06-20T12:54:09+00:00","dateModified":"2026-01-21T18:21:25+00:00","description":"S\u00e9journez \u00e0 L\u2019Ermitage de Peyreleau, chambres d\u2019h\u00f4tes de charme dans un ancien couvent. Vue sur les Gorges de la Jonte, \u00e0 2 pas des Gorges du Tarn. Randonn\u00e9es, cano\u00eb, nature pr\u00e9serv\u00e9e. R\u00e9servez votre escapade en Aveyron !","breadcrumb":{"@id":"https:\/\/ermitagedepeyreleau.com\/#breadcrumb"},"inLanguage":"fr-FR","potentialAction":[{"@type":"ReadAction","target":["https:\/\/ermitagedepeyreleau.com\/"]}]},{"@type":"BreadcrumbList","@id":"https:\/\/ermitagedepeyreleau.com\/#breadcrumb","itemListElement":[{"@type":"ListItem","position":1,"name":"Accueil","item":"https:\/\/ermitagedepeyreleau.com\/"},{"@type":"ListItem","position":2,"name":"Chambres d&rsquo;h\u00f4tes Gorges du Tarn"}]},{"@type":"WebSite","@id":"https:\/\/ermitagedepeyreleau.com\/#website","url":"https:\/\/ermitagedepeyreleau.com\/","name":"Ermitage de Peyreleau","description":"Chambres d&#039;h\u00f4tes de Charme","publisher":{"@id":"https:\/\/ermitagedepeyreleau.com\/#organization"},"potentialAction":[{"@type":"SearchAction","target":{"@type":"EntryPoint","urlTemplate":"https:\/\/ermitagedepeyreleau.com\/?s={search_term_string}"},"query-input":"required name=search_term_string"}],"inLanguage":"fr-FR"},{"@type":"Organization","@id":"https:\/\/ermitagedepeyreleau.com\/#organization","name":"Ermitage de Peyreleau","url":"https:\/\/ermitagedepeyreleau.com\/","logo":{"@type":"ImageObject","inLanguage":"fr-FR","@id":"https:\/\/ermitagedepeyreleau.com\/#\/schema\/logo\/image\/","url":"https:\/\/ermitagedepeyreleau.com\/wp-content\/uploads\/2022\/04\/maison-et-gorges-2-scaled.jpg","contentUrl":"https:\/\/ermitagedepeyreleau.com\/wp-content\/uploads\/2022\/04\/maison-et-gorges-2-scaled.jpg","width":1920,"height":2560,"caption":"Ermitage de Peyreleau"},"image":{"@id":"https:\/\/ermitagedepeyreleau.com\/#\/schema\/logo\/image\/"},"sameAs":["https:\/\/www.facebook.com\/ermitagedepeyreleau"]}]}},"_links":{"self":[{"href":"https:\/\/ermitagedepeyreleau.com\/index.php\/wp-json\/wp\/v2\/pages\/257"}],"collection":[{"href":"https:\/\/ermitagedepeyreleau.com\/index.php\/wp-json\/wp\/v2\/pages"}],"about":[{"href":"https:\/\/ermitagedepeyreleau.com\/index.php\/wp-json\/wp\/v2\/types\/page"}],"author":[{"embeddable":true,"href":"https:\/\/ermitagedepeyreleau.com\/index.php\/wp-json\/wp\/v2\/users\/1"}],"replies":[{"embeddable":true,"href":"https:\/\/ermitagedepeyreleau.com\/index.php\/wp-json\/wp\/v2\/comments?post=257"}],"version-history":[{"count":105,"href":"https:\/\/ermitagedepeyreleau.com\/index.php\/wp-json\/wp\/v2\/pages\/257\/revisions"}],"predecessor-version":[{"id":1306,"href":"https:\/\/ermitagedepeyreleau.com\/index.php\/wp-json\/wp\/v2\/pages\/257\/revisions\/1306"}],"wp:attachment":[{"href":"https:\/\/ermitagedepeyreleau.com\/index.php\/wp-json\/wp\/v2\/media?parent=257"}],"curies":[{"name":"wp","href":"https:\/\/api.w.org\/{rel}","templated":true}]}}